{"id":304,"date":"2016-08-22T23:07:55","date_gmt":"2016-08-22T21:07:55","guid":{"rendered":"http:\/\/coeser.de\/blog\/?page_id=304"},"modified":"2026-02-26T12:14:19","modified_gmt":"2026-02-26T11:14:19","slug":"ueber-fern-nah","status":"publish","type":"page","link":"https:\/\/coeser.de\/blog\/index.php\/ueber-fern-nah\/","title":{"rendered":"\u00dcber fern &#038; nah"},"content":{"rendered":"<p>Hallo und willkommen auf fern &amp; nah, dem Reiseblog von Christian \u00d6ser aus Wien. In zahlreichen Artikeln erz\u00e4hle ich euch von <strong>Erfahrungen, Beobachtungen und Erlebnissen<\/strong> w\u00e4hrend meiner St\u00e4dtereisen und L\u00e4ndertrips. Um euch die Orte sp\u00fcrbar zu machen, lege ich Wert auf <strong>hochqualitative Fotos<\/strong>, die ich als besonderen Service auch mit <strong>GPS-Koordinaten<\/strong> ver\u00f6ffentliche \u2013 so k\u00f6nnt ihr bei eurem n\u00e4chsten Urlaub rasch und gezielt die besten Pl\u00e4tze zum Fotografieren aufsuchen. Falls ihr Fotos verwenden\/lizenzieren wollt, schreibt mir einfach eine Mail mit dem geplanten Verwendungszweck.<\/p>\n<h3>Alles aus der Welt und Wien<\/h3>\n<p>Zwischendurch berichte ich auch aus meiner <strong>Heimatstadt Wien<\/strong> \u00fcber interessante Veranstaltungen und sehenswerte Pl\u00e4tze. Wenn dir meine Artikel bei der Planung deiner Reise geholfen haben, freue ich mich \u00fcber einen Kommentar unter dem Beitrag. \ud83d\ude42 Willst du wissen, wie solch ein Blog eigentlich entsteht? Dann sieh dir doch meinen Jubili\u00e4umsbeitrag an, der von der Planung und Realisierung erz\u00e4hlt: <a href=\"https:\/\/coeser.de\/blog\/index.php\/2017\/09\/19\/die-entstehung-meines-reiseblogs\/\" target=\"_blank\" rel=\"noopener noreferrer\"><strong>Die Entstehung meines Reiseblogs<\/strong><\/a><\/p>\n<p>Nun aber viel Spa\u00df beim Rumst\u00f6bern und wenn du Fragen hast, schreib mir einfach!<\/p>\n<h3>Zahlen und Fakten<\/h3>\n<p><strong>Content Management System: <\/strong><a href=\"https:\/\/wordpress.org\/\" target=\"_blank\" rel=\"noopener noreferrer\">WordPress<\/a><br \/>\n<strong>Designvorlage (Theme): <\/strong><a href=\"https:\/\/colorlib.com\/wp\/themes\/activello\/\" target=\"_blank\" rel=\"noopener noreferrer\">Activello von Colorlib<\/a><br \/>\n<strong>Umsetzung und Testphase:<\/strong> 51 Tage<strong><br \/>\nErster Beitrag:\u00a0<\/strong>14. September 2016 (<strong><a href=\"https:\/\/coeser.de\/blog\/index.php\/2016\/09\/14\/hitzige-tage-in-budapest\/\" target=\"_blank\" rel=\"noopener\">Budapest: Die besten Sehensw\u00fcrdigkeiten<\/a><\/strong>)<\/p>\n<p><strong>Statistik seit Blogstart (14. September 2016 &#8211; 26. Februar 2026):<\/strong><br \/>\n308 Artikel, <span class=\"highlight-card-info-item-count\" title=\"1487640\">1.487.640<\/span> Besucher, 2.190.618 Seitenaufrufe<\/p>\n<p><strong>Statistik 2016 (14. September &#8211; 31. Dezember):<br \/>\n<\/strong>21 Artikel, 633 Besucher, 1.251 Seitenaufrufe<br \/>\n<strong>Statistik 2017 (01. J\u00e4nner &#8211; 31. Dezember):<br \/>\n<\/strong>52 Artikel, 9.518 Besucher, 15.485 Seitenaufrufe<br \/>\n<strong>Statistik 2018 (01. J\u00e4nner &#8211; 31. Dezember):<br \/>\n<\/strong>52 Artikel, 73.310 Besucher, 113.900 Seitenaufrufe<br \/>\n<strong>Statistik 2019 (01. J\u00e4nner &#8211; 31. Dezember):<\/strong><br \/>\n53 Artikel, 235.971 Besucher, 344.759 Seitenaufrufe<br \/>\n<strong>Statistik 2020 (01. J\u00e4nner &#8211; 31. Dezember):<br \/>\n<\/strong>46 Artikel, 196.544 Besucher, 277.638 Seitenaufrufe<br \/>\n<strong>Statistik 2021 (01. J\u00e4nner &#8211; 31. Dezember):<br \/>\n<\/strong>5 Artikel, 169.099 Besucher, 233.619 Seitenaufrufe<br \/>\n<strong>Statistik 2022 (01. J\u00e4nner &#8211; 31. Dezember):<br \/>\n<\/strong>19 Artikel, 198.338 Besucher, 280.794 Seitenaufrufe<br \/>\n<strong>Statistik 2023 (01. J\u00e4nner &#8211; 31. Dezember):<br \/>\n<\/strong>29 Artikel, 224.578 Besucher, 320.310 Seitenaufrufe<br \/>\n<strong>Statistik 2024 (01. J\u00e4nner &#8211; 31. Dezember):<br \/>\n<\/strong>17 Artikel, 200.261 Besucher, 299.268 Seitenaufrufe<br \/>\n<strong>Statistik 2025 (01. J\u00e4nner &#8211; 31. Dezember):<br \/>\n<\/strong>17 Artikel, 161.822 Besucher, 272.403 Seitenaufrufe<\/p>\n<p><strong>Top 5 meistgelesene Artikel (Stand 26. Februar 2026):<\/strong><br \/>\n<strong><a href=\"https:\/\/coeser.de\/blog\/index.php\/2017\/05\/30\/gruener-see-magischer-ort-in-den-alpen\/\" target=\"_blank\" rel=\"noopener noreferrer\">Gr\u00fcner See: Ein magischer Ort in den Alpen<\/a><\/strong> (181.854 Aufrufe)<br \/>\n<a href=\"https:\/\/coeser.de\/blog\/index.php\/2017\/01\/17\/10-dinge-die-man-in-bratislava-sehen-muss\/\" target=\"_blank\" rel=\"noopener noreferrer\"><strong>10 Dinge, die man in Bratislava sehen muss<\/strong><\/a> (109.210 Aufrufe)<br \/>\n<strong><a href=\"https:\/\/coeser.de\/blog\/index.php\/2019\/02\/12\/berlin-fuer-fortgeschrittene-teil-1\/\" target=\"_blank\" rel=\"noopener\">Berlin f\u00fcr Fortgeschrittene, Teil 1<\/a><\/strong> (53.764 Aufrufe)<br \/>\n<strong><a href=\"https:\/\/coeser.de\/blog\/index.php\/2019\/02\/19\/berlin-fuer-fortgeschrittene-teil-2\/\" target=\"_blank\" rel=\"noopener\">Berlin f\u00fcr Fortgeschrittene, Teil 2<\/a><\/strong> (52.093Aufrufe)<br \/>\n<a href=\"https:\/\/coeser.de\/blog\/index.php\/2017\/11\/21\/14-tage-schottland-planung-und-organisation\/\" target=\"_blank\" rel=\"noopener noreferrer\"><strong>14 Tage Schottland: Planung und Organisation<\/strong><\/a> (43.161 Aufrufe)<\/p>\n<h3>Kontakt<\/h3>\n<p>E-Mail: christian.oeser (at) gmx.at<\/p>\n<p><a href=\"http:\/\/www.facebook.com\/profile.php?id=1318266267\" target=\"_blank\" rel=\"noopener noreferrer\">Profil auf Facebook<\/a><br \/>\n<a href=\"https:\/\/www.instagram.com\/coeser_de\/\" target=\"_blank\" rel=\"noopener noreferrer\">Profil auf Instagram<\/a><br \/>\n<a href=\"https:\/\/twitter.com\/CoeserD\" target=\"_blank\" rel=\"noopener\">Profil auf Twitter<\/a><br \/>\n<a href=\"http:\/\/nightline.deviantart.com\/\" target=\"_blank\" rel=\"noopener noreferrer\">Profil auf DeviantART<\/a><br \/>\n<a href=\"http:\/\/500px.com\/coeser\" target=\"_blank\" rel=\"noopener noreferrer\">Profil auf 500px<\/a><\/p>\n<div class=\"tipps\">\n<h3>HINWEISE<\/h3>\n<p>Meine Fotos sind mit folgender Ausr\u00fcstung entstanden: Canon EOS 5D, Canon EOS 6D, Canon PowerShot GX1, iPhone 4S, iPhone SE, iPhone 12 Mini, iPhone 16 Pro (Kameras); Canon 17-40 mm f4, Canon 70-200mm f4, Canon 100mm f2.8 (Objektive)<\/p>\n<p>In meinen Artikeln beziehen sich alle Informationen zu Preisen, \u00d6ffnungszeiten und \u00f6rtlichen Gegebenheiten auf den jeweiligen Reisezeitpunkt bzw. das Datum der letzten Aktualisierung, welches jeweils am Beginn des Textes angegeben ist. Ich gebe trotz sorgf\u00e4ltiger Recherche keine Gew\u00e4hr auf die Richtigkeit der Daten! Bitte \u00fcberpr\u00fcft vor einer Reise diese Angaben, um keine unangenehmen \u00dcberraschungen vor Ort zu erleben.<\/p>\n<p>Alle Beschreibungen von Orten, Restaurants, Unterk\u00fcnften, etc. stellen ausnahmslos meine pers\u00f6nliche Meinung dar! Meine Reisen und Ausfl\u00fcge sind so gut wie immer selbst bezahlt. In Ausnahmef\u00e4llen habe ich organisatorische Unterst\u00fctzung erhalten \u2013 dies ist in den Beitr\u00e4gen explizit gekennzeichnet und erw\u00e4hnt.<\/p>\n<p>*Die mit Stern gekennzeichneten Verweise in Blogartikeln sind sogenannte Affiliate-Links. Wenn ihr \u00fcber diese Links etwas bucht, unterst\u00fctzt ihr meine Arbeit und ich erhalte eine kleine Provision. F\u00fcr euch entstehen dabei keine Nachteile.<\/p>\n<p>Alle angegebenen GPS-Koordinaten sind Richtwerte und k\u00f6nnen vom tats\u00e4chlichen Aufnahmeort um einige Meter abweichen. Sollte ich zu einem Foto keine genaue Position zur Verf\u00fcgung haben, ist dies extra erw\u00e4hnt.<\/p>\n<\/div>\n","protected":false},"excerpt":{"rendered":"<p>Hallo und willkommen auf fern &amp; nah, dem Reiseblog von Christian \u00d6ser aus Wien. In zahlreichen Artikeln erz\u00e4hle ich euch von Erfahrungen, Beobachtungen und Erlebnissen w\u00e4hrend meiner St\u00e4dtereisen und L\u00e4ndertrips. Um euch die Orte sp\u00fcrbar zu machen, lege ich Wert auf hochqualitative Fotos, die ich als besonderen Service auch mit GPS-Koordinaten ver\u00f6ffentliche \u2013 so k\u00f6nnt [&hellip;]<\/p>\n","protected":false},"author":1,"featured_media":0,"parent":0,"menu_order":0,"comment_status":"closed","ping_status":"closed","template":"","meta":{"footnotes":""},"class_list":["post-304","page","type-page","status-publish","hentry"],"yoast_head":"<!-- This site is optimized with the Yoast SEO plugin v27.4 - https:\/\/yoast.com\/product\/yoast-seo-wordpress\/ -->\n<title>\u00dcber fern &amp; nah - fern &amp; nah - Reiseblog und Fotostories von Christian \u00d6ser<\/title>\n<meta name=\"robots\" content=\"index, follow, max-snippet:-1, max-image-preview:large, max-video-preview:-1\" \/>\n<link rel=\"canonical\" href=\"https:\/\/coeser.de\/blog\/index.php\/ueber-fern-nah\/\" \/>\n<meta property=\"og:locale\" content=\"de_DE\" \/>\n<meta property=\"og:type\" content=\"article\" \/>\n<meta property=\"og:title\" content=\"\u00dcber fern &amp; nah - fern &amp; nah - Reiseblog und Fotostories von Christian \u00d6ser\" \/>\n<meta property=\"og:description\" content=\"Hallo und willkommen auf fern &amp; nah, dem Reiseblog von Christian \u00d6ser aus Wien. In zahlreichen Artikeln erz\u00e4hle ich euch von Erfahrungen, Beobachtungen und Erlebnissen w\u00e4hrend meiner St\u00e4dtereisen und L\u00e4ndertrips. Um euch die Orte sp\u00fcrbar zu machen, lege ich Wert auf hochqualitative Fotos, die ich als besonderen Service auch mit GPS-Koordinaten ver\u00f6ffentliche \u2013 so k\u00f6nnt [&hellip;]\" \/>\n<meta property=\"og:url\" content=\"https:\/\/coeser.de\/blog\/index.php\/ueber-fern-nah\/\" \/>\n<meta property=\"og:site_name\" content=\"fern &amp; nah - Reiseblog und Fotostories von Christian \u00d6ser\" \/>\n<meta property=\"article:publisher\" content=\"Christian \u00d6ser\" \/>\n<meta property=\"article:modified_time\" content=\"2026-02-26T11:14:19+00:00\" \/>\n<meta name=\"twitter:card\" content=\"summary_large_image\" \/>\n<meta name=\"twitter:label1\" content=\"Gesch\u00e4tzte Lesezeit\" \/>\n\t<meta name=\"twitter:data1\" content=\"4\u00a0Minuten\" \/>\n<script type=\"application\/ld+json\" class=\"yoast-schema-graph\">{\"@context\":\"https:\\\/\\\/schema.org\",\"@graph\":[{\"@type\":\"WebPage\",\"@id\":\"https:\\\/\\\/coeser.de\\\/blog\\\/index.php\\\/ueber-fern-nah\\\/\",\"url\":\"https:\\\/\\\/coeser.de\\\/blog\\\/index.php\\\/ueber-fern-nah\\\/\",\"name\":\"\u00dcber fern & nah - fern &amp; nah - Reiseblog und Fotostories von Christian \u00d6ser\",\"isPartOf\":{\"@id\":\"https:\\\/\\\/coeser.de\\\/blog\\\/#website\"},\"datePublished\":\"2016-08-22T21:07:55+00:00\",\"dateModified\":\"2026-02-26T11:14:19+00:00\",\"breadcrumb\":{\"@id\":\"https:\\\/\\\/coeser.de\\\/blog\\\/index.php\\\/ueber-fern-nah\\\/#breadcrumb\"},\"inLanguage\":\"de\",\"potentialAction\":[{\"@type\":\"ReadAction\",\"target\":[\"https:\\\/\\\/coeser.de\\\/blog\\\/index.php\\\/ueber-fern-nah\\\/\"]}]},{\"@type\":\"BreadcrumbList\",\"@id\":\"https:\\\/\\\/coeser.de\\\/blog\\\/index.php\\\/ueber-fern-nah\\\/#breadcrumb\",\"itemListElement\":[{\"@type\":\"ListItem\",\"position\":1,\"name\":\"Startseite\",\"item\":\"https:\\\/\\\/coeser.de\\\/blog\\\/\"},{\"@type\":\"ListItem\",\"position\":2,\"name\":\"\u00dcber fern &#038; nah\"}]},{\"@type\":\"WebSite\",\"@id\":\"https:\\\/\\\/coeser.de\\\/blog\\\/#website\",\"url\":\"https:\\\/\\\/coeser.de\\\/blog\\\/\",\"name\":\"fern &amp; nah - Reiseblog und Fotostories von Christian \u00d6ser\",\"description\":\"Reiseblog und Fotostories von Christian \u00d6ser\",\"publisher\":{\"@id\":\"https:\\\/\\\/coeser.de\\\/blog\\\/#\\\/schema\\\/person\\\/fda1d253389076b2cadc3d47018cf315\"},\"potentialAction\":[{\"@type\":\"SearchAction\",\"target\":{\"@type\":\"EntryPoint\",\"urlTemplate\":\"https:\\\/\\\/coeser.de\\\/blog\\\/?s={search_term_string}\"},\"query-input\":{\"@type\":\"PropertyValueSpecification\",\"valueRequired\":true,\"valueName\":\"search_term_string\"}}],\"inLanguage\":\"de\"},{\"@type\":[\"Person\",\"Organization\"],\"@id\":\"https:\\\/\\\/coeser.de\\\/blog\\\/#\\\/schema\\\/person\\\/fda1d253389076b2cadc3d47018cf315\",\"name\":\"Christian \u00d6ser\",\"image\":{\"@type\":\"ImageObject\",\"inLanguage\":\"de\",\"@id\":\"https:\\\/\\\/coeser.de\\\/blog\\\/wp-content\\\/uploads\\\/2016\\\/08\\\/logo-fern-und-nah-christian-oeser-4.jpg\",\"url\":\"https:\\\/\\\/coeser.de\\\/blog\\\/wp-content\\\/uploads\\\/2016\\\/08\\\/logo-fern-und-nah-christian-oeser-4.jpg\",\"contentUrl\":\"https:\\\/\\\/coeser.de\\\/blog\\\/wp-content\\\/uploads\\\/2016\\\/08\\\/logo-fern-und-nah-christian-oeser-4.jpg\",\"width\":1090,\"height\":245,\"caption\":\"Christian \u00d6ser\"},\"logo\":{\"@id\":\"https:\\\/\\\/coeser.de\\\/blog\\\/wp-content\\\/uploads\\\/2016\\\/08\\\/logo-fern-und-nah-christian-oeser-4.jpg\"},\"sameAs\":[\"http:\\\/\\\/www.coeser.de\",\"Christian \u00d6ser\",\"https:\\\/\\\/www.instagram.com\\\/coeser_de\\\/\",\"https:\\\/\\\/www.pinterest.at\\\/nightline5\\\/\"]}]}<\/script>\n<!-- \/ Yoast SEO plugin. -->","yoast_head_json":{"title":"\u00dcber fern & nah - fern &amp; nah - Reiseblog und Fotostories von Christian \u00d6ser","robots":{"index":"index","follow":"follow","max-snippet":"max-snippet:-1","max-image-preview":"max-image-preview:large","max-video-preview":"max-video-preview:-1"},"canonical":"https:\/\/coeser.de\/blog\/index.php\/ueber-fern-nah\/","og_locale":"de_DE","og_type":"article","og_title":"\u00dcber fern & nah - fern &amp; nah - Reiseblog und Fotostories von Christian \u00d6ser","og_description":"Hallo und willkommen auf fern &amp; nah, dem Reiseblog von Christian \u00d6ser aus Wien. In zahlreichen Artikeln erz\u00e4hle ich euch von Erfahrungen, Beobachtungen und Erlebnissen w\u00e4hrend meiner St\u00e4dtereisen und L\u00e4ndertrips. Um euch die Orte sp\u00fcrbar zu machen, lege ich Wert auf hochqualitative Fotos, die ich als besonderen Service auch mit GPS-Koordinaten ver\u00f6ffentliche \u2013 so k\u00f6nnt [&hellip;]","og_url":"https:\/\/coeser.de\/blog\/index.php\/ueber-fern-nah\/","og_site_name":"fern &amp; nah - Reiseblog und Fotostories von Christian \u00d6ser","article_publisher":"Christian \u00d6ser","article_modified_time":"2026-02-26T11:14:19+00:00","twitter_card":"summary_large_image","twitter_misc":{"Gesch\u00e4tzte Lesezeit":"4\u00a0Minuten"},"schema":{"@context":"https:\/\/schema.org","@graph":[{"@type":"WebPage","@id":"https:\/\/coeser.de\/blog\/index.php\/ueber-fern-nah\/","url":"https:\/\/coeser.de\/blog\/index.php\/ueber-fern-nah\/","name":"\u00dcber fern & nah - fern &amp; nah - Reiseblog und Fotostories von Christian \u00d6ser","isPartOf":{"@id":"https:\/\/coeser.de\/blog\/#website"},"datePublished":"2016-08-22T21:07:55+00:00","dateModified":"2026-02-26T11:14:19+00:00","breadcrumb":{"@id":"https:\/\/coeser.de\/blog\/index.php\/ueber-fern-nah\/#breadcrumb"},"inLanguage":"de","potentialAction":[{"@type":"ReadAction","target":["https:\/\/coeser.de\/blog\/index.php\/ueber-fern-nah\/"]}]},{"@type":"BreadcrumbList","@id":"https:\/\/coeser.de\/blog\/index.php\/ueber-fern-nah\/#breadcrumb","itemListElement":[{"@type":"ListItem","position":1,"name":"Startseite","item":"https:\/\/coeser.de\/blog\/"},{"@type":"ListItem","position":2,"name":"\u00dcber fern &#038; nah"}]},{"@type":"WebSite","@id":"https:\/\/coeser.de\/blog\/#website","url":"https:\/\/coeser.de\/blog\/","name":"fern &amp; nah - Reiseblog und Fotostories von Christian \u00d6ser","description":"Reiseblog und Fotostories von Christian \u00d6ser","publisher":{"@id":"https:\/\/coeser.de\/blog\/#\/schema\/person\/fda1d253389076b2cadc3d47018cf315"},"potentialAction":[{"@type":"SearchAction","target":{"@type":"EntryPoint","urlTemplate":"https:\/\/coeser.de\/blog\/?s={search_term_string}"},"query-input":{"@type":"PropertyValueSpecification","valueRequired":true,"valueName":"search_term_string"}}],"inLanguage":"de"},{"@type":["Person","Organization"],"@id":"https:\/\/coeser.de\/blog\/#\/schema\/person\/fda1d253389076b2cadc3d47018cf315","name":"Christian \u00d6ser","image":{"@type":"ImageObject","inLanguage":"de","@id":"https:\/\/coeser.de\/blog\/wp-content\/uploads\/2016\/08\/logo-fern-und-nah-christian-oeser-4.jpg","url":"https:\/\/coeser.de\/blog\/wp-content\/uploads\/2016\/08\/logo-fern-und-nah-christian-oeser-4.jpg","contentUrl":"https:\/\/coeser.de\/blog\/wp-content\/uploads\/2016\/08\/logo-fern-und-nah-christian-oeser-4.jpg","width":1090,"height":245,"caption":"Christian \u00d6ser"},"logo":{"@id":"https:\/\/coeser.de\/blog\/wp-content\/uploads\/2016\/08\/logo-fern-und-nah-christian-oeser-4.jpg"},"sameAs":["http:\/\/www.coeser.de","Christian \u00d6ser","https:\/\/www.instagram.com\/coeser_de\/","https:\/\/www.pinterest.at\/nightline5\/"]}]}},"jetpack-related-posts":[{"id":21639,"url":"https:\/\/coeser.de\/blog\/index.php\/suche\/","url_meta":{"origin":304,"position":0},"title":"Suche nach L\u00e4ndern, St\u00e4dten, Orten","author":"Christian \u00d6ser","date":"6. Januar 2024","format":false,"excerpt":"Auf dieser Seite findest du alle L\u00e4nder, St\u00e4dte und Orte, die ich jemals bereist habe. Du kannst die verf\u00fcgbaren Artikel und Reiseberichte entweder per Volltextsuche durchsuchen oder du st\u00f6berst einfach durch die nachfolgenden Listen aller Beitr\u00e4ge auf meinem Blog. Bei den einzelnen Destinationen sind auch meine Reisesouvenirs (Sticker, Magnete) abgebildet.\u2026","rel":"","context":"\u00c4hnlicher Beitrag","block_context":{"text":"\u00c4hnlicher Beitrag","link":""},"img":{"alt_text":"Reisesouvenir-Sticker aus Antwerpen, Belgien","src":"https:\/\/i0.wp.com\/coeser.de\/blog\/wp-content\/uploads\/2024\/06\/sticker-aufkleber-pickerl-antwerpen-150x150.jpg?resize=350%2C200&ssl=1","width":350,"height":200,"srcset":"https:\/\/i0.wp.com\/coeser.de\/blog\/wp-content\/uploads\/2024\/06\/sticker-aufkleber-pickerl-antwerpen-150x150.jpg?resize=350%2C200&ssl=1 1x, https:\/\/i0.wp.com\/coeser.de\/blog\/wp-content\/uploads\/2024\/06\/sticker-aufkleber-pickerl-antwerpen-150x150.jpg?resize=525%2C300&ssl=1 1.5x, https:\/\/i0.wp.com\/coeser.de\/blog\/wp-content\/uploads\/2024\/06\/sticker-aufkleber-pickerl-antwerpen-150x150.jpg?resize=700%2C400&ssl=1 2x"},"classes":[]},{"id":2,"url":"https:\/\/coeser.de\/blog\/index.php\/impressum-kontakt\/","url_meta":{"origin":304,"position":1},"title":"Impressum und Kontakt","author":"Christian \u00d6ser","date":"9. August 2016","format":false,"excerpt":"Impressum Christian \u00d6ser Br\u00e4uhausgasse 65\/19 1050 Wien \u00d6sterreich ISSN 3061-1652 (Blog) F\u00fcr Anfragen bez\u00fcglich der Nutzung\/Lizenzierung meiner Fotos schreibt mir bitte ein Mail mit Informationen zum geplanten Verwendungszweck. E-Mail: christian.oeser (at) gmx.at Profil auf Facebook Profil auf Instagram Profil auf DeviantART Profil auf 500px Haftungsausschluss Dieser Haftungsausschluss ist als Teil\u2026","rel":"","context":"\u00c4hnlicher Beitrag","block_context":{"text":"\u00c4hnlicher Beitrag","link":""},"img":{"alt_text":"","src":"","width":0,"height":0},"classes":[]}],"jetpack_sharing_enabled":true,"_links":{"self":[{"href":"https:\/\/coeser.de\/blog\/index.php\/wp-json\/wp\/v2\/pages\/304","targetHints":{"allow":["GET"]}}],"collection":[{"href":"https:\/\/coeser.de\/blog\/index.php\/wp-json\/wp\/v2\/pages"}],"about":[{"href":"https:\/\/coeser.de\/blog\/index.php\/wp-json\/wp\/v2\/types\/page"}],"author":[{"embeddable":true,"href":"https:\/\/coeser.de\/blog\/index.php\/wp-json\/wp\/v2\/users\/1"}],"replies":[{"embeddable":true,"href":"https:\/\/coeser.de\/blog\/index.php\/wp-json\/wp\/v2\/comments?post=304"}],"version-history":[{"count":4,"href":"https:\/\/coeser.de\/blog\/index.php\/wp-json\/wp\/v2\/pages\/304\/revisions"}],"predecessor-version":[{"id":25488,"href":"https:\/\/coeser.de\/blog\/index.php\/wp-json\/wp\/v2\/pages\/304\/revisions\/25488"}],"wp:attachment":[{"href":"https:\/\/coeser.de\/blog\/index.php\/wp-json\/wp\/v2\/media?parent=304"}],"curies":[{"name":"wp","href":"https:\/\/api.w.org\/{rel}","templated":true}]}}